{"id":976,"date":"2015-07-01T20:31:46","date_gmt":"2015-07-01T20:31:46","guid":{"rendered":"http:\/\/www.akiyamasettimo.it\/?page_id=976"},"modified":"2022-03-05T15:45:24","modified_gmt":"2022-03-05T15:45:24","slug":"fitness","status":"publish","type":"page","link":"https:\/\/www.akiyamasettimo.it\/?page_id=976","title":{"rendered":"Fitness"},"content":{"rendered":"\t\t<div data-elementor-type=\"wp-page\" data-elementor-id=\"976\" class=\"elementor elementor-976\">\n\t\t\t\t\t\t<section class=\"elementor-section elementor-top-section elementor-element elementor-element-155626d4 elementor-section-boxed elementor-section-height-default elementor-section-height-default\" data-id=\"155626d4\" data-element_type=\"section\" data-e-type=\"section\">\n\t\t\t\t\t\t<div class=\"elementor-container elementor-column-gap-default\">\n\t\t\t\t\t<div class=\"elementor-column elementor-col-100 elementor-top-column elementor-element elementor-element-3be3f20e\" data-id=\"3be3f20e\" data-element_type=\"column\" data-e-type=\"column\">\n\t\t\t<div class=\"elementor-widget-wrap elementor-element-populated\">\n\t\t\t\t\t\t<div class=\"elementor-element elementor-element-4edb613 elementor-widget elementor-widget-text-editor\" data-id=\"4edb613\" data-element_type=\"widget\" data-e-type=\"widget\" data-widget_type=\"text-editor.default\">\n\t\t\t\t<div class=\"elementor-widget-container\">\n\t\t\t\t\t\t\t\t\t<p><strong>Allenarsi da professionisti\u00a0sentendosi a proprio agio.<\/strong><\/p><p><a href=\"https:\/\/www.akiyamasettimo.it\/wp-content\/uploads\/2015\/06\/DSC_0303-copia.jpg\"><img fetchpriority=\"high\" decoding=\"async\" class=\"alignleft wp-image-929 size-medium\" src=\"https:\/\/www.akiyamasettimo.it\/wp-content\/uploads\/2015\/06\/DSC_0303-copia-300x200.jpg\" alt=\"riabilitazione\" width=\"300\" height=\"200\" data-wp-pid=\"929\" srcset=\"https:\/\/www.akiyamasettimo.it\/wp-content\/uploads\/2015\/06\/DSC_0303-copia-300x200.jpg 300w, https:\/\/www.akiyamasettimo.it\/wp-content\/uploads\/2015\/06\/DSC_0303-copia-750x500.jpg 750w, https:\/\/www.akiyamasettimo.it\/wp-content\/uploads\/2015\/06\/DSC_0303-copia-768x512.jpg 768w, https:\/\/www.akiyamasettimo.it\/wp-content\/uploads\/2015\/06\/DSC_0303-copia-1536x1024.jpg 1536w, https:\/\/www.akiyamasettimo.it\/wp-content\/uploads\/2015\/06\/DSC_0303-copia-2048x1365.jpg 2048w, https:\/\/www.akiyamasettimo.it\/wp-content\/uploads\/2015\/06\/DSC_0303-copia-810x540.jpg 810w, https:\/\/www.akiyamasettimo.it\/wp-content\/uploads\/2015\/06\/DSC_0303-copia-1140x760.jpg 1140w, https:\/\/www.akiyamasettimo.it\/wp-content\/uploads\/2015\/06\/DSC_0303-copia-600x400.jpg 600w\" sizes=\"(max-width: 300px) 100vw, 300px\" \/><\/a>Da noi puoi raggiungere i tuoi obbiettivi di fitness nella massima professionalit\u00e0, lo staff \u00e8 interamente qualificato e certificato (laureati ISEF e SUISM), troverai un ambiente idoneo a tutte le tue necessit\u00e0 nella tranquillit\u00e0 di casa senza dover affrontare psicologicamente la competitivit\u00e0 che si pu\u00f2 trovare\u00a0negli altri Fitness Club.<\/p><p>Se sei entrato in un altra palestra e ti sei sentito come un pesce fuor d&#8217;acqua questo \u00e8 il posto giusto per te!<\/p><p>Grazie alla decennale esperienza del mondo del fitness e delle arti marziali ti sapremo consigliare\u00a0qualsiasi professionista del settore:<em> dietologi, nutrizionisti, fisioterapisti e ortopedici specializzati.<\/em><\/p><p>All&#8217; interno dello staff Akiyama sono presenti quotidianamente fisioterapisti e massaggiatori che potranno aiutarti nel tuo percorso riabilitativo post operazione o con ginnastica posturale.<\/p><p><strong>NON c&#8217;\u00e8 et\u00e0 per fare sport<\/strong>, dai 4 anni con i corsi baby in su come lo dimostrano i numerosi over 50 che si ritrovano a praticare ginnastica dolce al mattino (4 giorni su 7!)<\/p>\t\t\t\t\t\t\t\t<\/div>\n\t\t\t\t<\/div>\n\t\t\t\t\t<\/div>\n\t\t<\/div>\n\t\t\t\t\t<\/div>\n\t\t<\/section>\n\t\t\t\t<\/div>\n\t\t","protected":false},"excerpt":{"rendered":"<p>Allenarsi da professionisti\u00a0sentendosi a proprio agio. Da noi puoi raggiungere i tuoi obbiettivi di fitness nella massima professionalit\u00e0, lo staff \u00e8 interamente qualificato e certificato (laureati ISEF e SUISM), troverai un ambiente idoneo a tutte le tue necessit\u00e0 nella tranquillit\u00e0 di casa senza dover affrontare psicologicamente la competitivit\u00e0 che si pu\u00f2 trovare\u00a0negli altri Fitness Club. &hellip; <\/p>\n<p class=\"link-more\"><a href=\"https:\/\/www.akiyamasettimo.it\/?page_id=976\" class=\"more-link\">Leggi tutto<span class=\"screen-reader-text\"> &#8220;Fitness&#8221;<\/span><\/a><\/p>\n","protected":false},"author":1,"featured_media":0,"parent":0,"menu_order":0,"comment_status":"closed","ping_status":"closed","template":"","meta":{"ngg_post_thumbnail":0,"inspiro_hide_title":false,"footnotes":""},"class_list":["post-976","page","type-page","status-publish","hentry"],"_links":{"self":[{"href":"https:\/\/www.akiyamasettimo.it\/index.php?rest_route=\/wp\/v2\/pages\/976","targetHints":{"allow":["GET"]}}],"collection":[{"href":"https:\/\/www.akiyamasettimo.it\/index.php?rest_route=\/wp\/v2\/pages"}],"about":[{"href":"https:\/\/www.akiyamasettimo.it\/index.php?rest_route=\/wp\/v2\/types\/page"}],"author":[{"embeddable":true,"href":"https:\/\/www.akiyamasettimo.it\/index.php?rest_route=\/wp\/v2\/users\/1"}],"replies":[{"embeddable":true,"href":"https:\/\/www.akiyamasettimo.it\/index.php?rest_route=%2Fwp%2Fv2%2Fcomments&post=976"}],"version-history":[{"count":8,"href":"https:\/\/www.akiyamasettimo.it\/index.php?rest_route=\/wp\/v2\/pages\/976\/revisions"}],"predecessor-version":[{"id":12334,"href":"https:\/\/www.akiyamasettimo.it\/index.php?rest_route=\/wp\/v2\/pages\/976\/revisions\/12334"}],"wp:attachment":[{"href":"https:\/\/www.akiyamasettimo.it\/index.php?rest_route=%2Fwp%2Fv2%2Fmedia&parent=976"}],"curies":[{"name":"wp","href":"https:\/\/api.w.org\/{rel}","templated":true}]}}