{"id":478,"date":"2015-01-24T10:59:39","date_gmt":"2015-01-24T10:59:39","guid":{"rendered":"http:\/\/www.akiyamasettimo.it\/?page_id=478"},"modified":"2022-04-03T13:03:54","modified_gmt":"2022-04-03T13:03:54","slug":"about","status":"publish","type":"page","link":"https:\/\/www.akiyamasettimo.it\/?page_id=478","title":{"rendered":"Storia"},"content":{"rendered":"\t\t<div data-elementor-type=\"wp-page\" data-elementor-id=\"478\" class=\"elementor elementor-478\">\n\t\t\t\t\t\t<section class=\"elementor-section elementor-top-section elementor-element elementor-element-a770196 elementor-section-boxed elementor-section-height-default elementor-section-height-default\" data-id=\"a770196\" data-element_type=\"section\" data-e-type=\"section\">\n\t\t\t\t\t\t<div class=\"elementor-container elementor-column-gap-default\">\n\t\t\t\t\t<div class=\"elementor-column elementor-col-100 elementor-top-column elementor-element elementor-element-94c3966\" data-id=\"94c3966\" data-element_type=\"column\" data-e-type=\"column\">\n\t\t\t<div class=\"elementor-widget-wrap elementor-element-populated\">\n\t\t\t\t\t\t<div class=\"elementor-element elementor-element-05437c2 elementor-widget elementor-widget-heading\" data-id=\"05437c2\" data-element_type=\"widget\" data-e-type=\"widget\" data-widget_type=\"heading.default\">\n\t\t\t\t<div class=\"elementor-widget-container\">\n\t\t\t\t\t<h2 class=\"elementor-heading-title elementor-size-medium\">Leggi una bella storia di sport...<\/h2>\t\t\t\t<\/div>\n\t\t\t\t<\/div>\n\t\t\t\t<div class=\"elementor-element elementor-element-7ade87d elementor-widget elementor-widget-spacer\" data-id=\"7ade87d\" data-element_type=\"widget\" data-e-type=\"widget\" data-widget_type=\"spacer.default\">\n\t\t\t\t<div class=\"elementor-widget-container\">\n\t\t\t\t\t\t\t<div class=\"elementor-spacer\">\n\t\t\t<div class=\"elementor-spacer-inner\"><\/div>\n\t\t<\/div>\n\t\t\t\t\t\t<\/div>\n\t\t\t\t<\/div>\n\t\t\t\t<div class=\"elementor-element elementor-element-ea7bc69 elementor-align-center animated-slow elementor-invisible elementor-widget elementor-widget-button\" data-id=\"ea7bc69\" data-element_type=\"widget\" data-e-type=\"widget\" data-settings=\"{&quot;_animation&quot;:&quot;rubberBand&quot;}\" data-widget_type=\"button.default\">\n\t\t\t\t<div class=\"elementor-widget-container\">\n\t\t\t\t\t\t\t\t\t<div class=\"elementor-button-wrapper\">\n\t\t\t\t\t<a class=\"elementor-button elementor-button-link elementor-size-sm\" href=\"https:\/\/www.akiyamasettimo.it\/wp-content\/uploads\/2022\/04\/AKIYAMA_7\u00b0_40_judo.pdf\">\n\t\t\t\t\t\t<span class=\"elementor-button-content-wrapper\">\n\t\t\t\t\t\t\t\t\t<span class=\"elementor-button-text\">Leggi di pi\u00f9<\/span>\n\t\t\t\t\t<\/span>\n\t\t\t\t\t<\/a>\n\t\t\t\t<\/div>\n\t\t\t\t\t\t\t\t<\/div>\n\t\t\t\t<\/div>\n\t\t\t\t<div class=\"elementor-element elementor-element-aa20f0b elementor-widget elementor-widget-spacer\" data-id=\"aa20f0b\" data-element_type=\"widget\" data-e-type=\"widget\" data-widget_type=\"spacer.default\">\n\t\t\t\t<div class=\"elementor-widget-container\">\n\t\t\t\t\t\t\t<div class=\"elementor-spacer\">\n\t\t\t<div class=\"elementor-spacer-inner\"><\/div>\n\t\t<\/div>\n\t\t\t\t\t\t<\/div>\n\t\t\t\t<\/div>\n\t\t\t\t\t<\/div>\n\t\t<\/div>\n\t\t\t\t\t<\/div>\n\t\t<\/section>\n\t\t\t\t<section class=\"elementor-section elementor-top-section elementor-element elementor-element-43ca6c5b elementor-section-boxed elementor-section-height-default elementor-section-height-default\" data-id=\"43ca6c5b\" data-element_type=\"section\" data-e-type=\"section\">\n\t\t\t\t\t\t<div class=\"elementor-container elementor-column-gap-default\">\n\t\t\t\t\t<div class=\"elementor-column elementor-col-100 elementor-top-column elementor-element elementor-element-320492b1\" data-id=\"320492b1\" data-element_type=\"column\" data-e-type=\"column\">\n\t\t\t<div class=\"elementor-widget-wrap elementor-element-populated\">\n\t\t\t\t\t\t<div class=\"elementor-element elementor-element-208d72a2 elementor-widget elementor-widget-text-editor\" data-id=\"208d72a2\" data-element_type=\"widget\" data-e-type=\"widget\" data-widget_type=\"text-editor.default\">\n\t\t\t\t<div class=\"elementor-widget-container\">\n\t\t\t\t\t\t\t\t\t<p style=\"text-align: left;\"><a href=\"https:\/\/www.akiyamasettimo.it\/wp-content\/uploads\/2015\/01\/Foto-Orlando-Toniolo.gif\"><img fetchpriority=\"high\" decoding=\"async\" class=\"alignright wp-image-696 size-full\" src=\"https:\/\/www.akiyamasettimo.it\/wp-content\/uploads\/2015\/01\/Foto-Orlando-Toniolo.gif\" alt=\"Foto Orlando Toniolo\" width=\"265\" height=\"293\"><\/a>Il&nbsp;<strong>C.R.S<\/strong>.&nbsp;<strong>Akiyama di Settimo Torinese<\/strong>&nbsp;ha compiuto i suoi primi trent&#8217;anni. Risale, infatti, al 1978 la prima ufficiale affiliazione alla federazione nazionale, ora&nbsp;<strong>F.I.J.L.K.A.M.<\/strong>&nbsp;( Federazione Italiana Judo Lotta Karate Arti Marziali )&nbsp;e di conseguenza al&nbsp;<strong>CONI<\/strong>.<\/p>\n<p style=\"text-align: left;\">Erano, ormai, tanti i giovani settimesi che si cimentavano nelle arti marziali e i due dei Soci Fondatori, &nbsp;l\u2019attuale Presidente <strong>Orlando Toniolo<\/strong> e <strong>Giovanni Ossola<\/strong>, ( quest&#8217;ultimo in seguito Sindaco di Settimo per diversi mandati elettorali ),&nbsp;decisero di dare uno sbocco agonistico alle loro energie.<\/p>\n<p style=\"text-align: left;\">Non si dovettero aspettare molti anni per vedere i primi risultati che portarono Settimo Torinese a diventare la&nbsp;capitale Italiana del judo<strong>&nbsp;<\/strong>grazie anche agli sforzi&nbsp;degli altri dirigenti:&nbsp;<strong>Valentino Ferrua, Simone Dario Castroreale, Ermete Arcari , Carlo Piazza e Valerio Turchetto<\/strong>.<\/p>\n<p style=\"text-align: left;\">A tutt\u2019oggi centinaia di giovani si cimentano giornalmente nella pratica sportiva &nbsp;nei 1400 mq di spazio a loro destinati.<\/p>\n<p style=\"text-align: left;\">L\u2019Akiyama di Settimo T.se \u00e8 attualmente la societ\u00e0 di Judo pi\u00f9 forte d\u2019Italia. Lo dicono le classifiche redatte dalla Federazione Nazionale (FIJLKAM). Dal 1996 il club Settimese precede tutti gli altri sodalizi judoistici d&#8217;Italia ,ivi compresi quelli professionistici militari, nella speciale classifica a punti ottenuti nelle finali dei Campionati Italiani di classe (ESORDIENTI-CADETTI-JUNIORES-ASSOLUTI).<\/p>\n&nbsp;\n\n<figure id=\"attachment_909\" aria-describedby=\"caption-attachment-909\" style=\"width: 300px\" class=\"wp-caption alignleft\"><a href=\"https:\/\/www.akiyamasettimo.it\/wp-content\/uploads\/2015\/06\/DSC_0015-copia.jpg\"><img decoding=\"async\" class=\"wp-image-909 size-medium\" src=\"https:\/\/www.akiyamasettimo.it\/wp-content\/uploads\/2015\/06\/DSC_0015-copia-300x200.jpg\" alt=\"\" width=\"300\" height=\"200\" srcset=\"https:\/\/www.akiyamasettimo.it\/wp-content\/uploads\/2015\/06\/DSC_0015-copia-300x200.jpg 300w, https:\/\/www.akiyamasettimo.it\/wp-content\/uploads\/2015\/06\/DSC_0015-copia-750x500.jpg 750w, https:\/\/www.akiyamasettimo.it\/wp-content\/uploads\/2015\/06\/DSC_0015-copia-768x512.jpg 768w, https:\/\/www.akiyamasettimo.it\/wp-content\/uploads\/2015\/06\/DSC_0015-copia-1536x1024.jpg 1536w, https:\/\/www.akiyamasettimo.it\/wp-content\/uploads\/2015\/06\/DSC_0015-copia-2048x1365.jpg 2048w, https:\/\/www.akiyamasettimo.it\/wp-content\/uploads\/2015\/06\/DSC_0015-copia-810x540.jpg 810w, https:\/\/www.akiyamasettimo.it\/wp-content\/uploads\/2015\/06\/DSC_0015-copia-1140x760.jpg 1140w\" sizes=\"(max-width: 300px) 100vw, 300px\" \/><\/a><figcaption id=\"caption-attachment-909\" class=\"wp-caption-text\">Ne Waza<\/figcaption><\/figure>\n\n<strong>Obiettivi del CRS&nbsp;AKIYAMA&nbsp;<\/strong>\n\nIn qualit\u00e0 di societ\u00e0 affiliata alla&nbsp;FIJLKAM, Federazione Sportiva del&nbsp;CONI,&nbsp;promuove, sviluppa e diffonde il&nbsp;&nbsp;JUDO,&nbsp;sport altamente socializzante e&nbsp;intriso&nbsp;di valori morali (il rispetto, di se stessi e degli altri, la disciplina, l\u2019amicizia, il coraggio, l\u2019umilt\u00e0 e lo stare &nbsp;insieme), oggi&nbsp;importantissimi nella societ\u00e0 attuale.\n\nInoltre, il&nbsp;JUDO&nbsp;\u00e8 attivit\u00e0 motoria che comporta notevoli benefici&nbsp; fisico-muscolari, sviluppa&nbsp; facolt\u00e0 &nbsp;psico-motorie, istintive e di concentrazione&nbsp;(vedi allora miglioramento scolastico conseguente), la prontezza di riflessi, la furbizia, il tempismo, la sicurezza e di qui il recupero&nbsp;di pregressi stati di timidezze,&nbsp;pigrizia, di iperattivit\u00e0 o di aggressivit\u00e0. Il quadro caratteriale e comportamentale che ne segue costituisce la base necessaria per impartire le tecniche del Judo&nbsp;ed iniziare il cammino verso una eventuale fase agonistica.\n\n<strong><em>&nbsp;&nbsp;&nbsp;&nbsp;&nbsp;&nbsp;&nbsp;&nbsp;&nbsp;<\/em><\/strong>\n\n<strong>TRENT&#8217;ANNI DI SUCCESSI<\/strong>\n\nI giovani settimesi iniziano&nbsp;da subito a farsi conoscere sui Tatami prima a Torino, poi&nbsp;in &nbsp;tutta la regione e per finire in Italia ed oggi del mondo.\n\nIl tutto parte dalla voglia di applicare e verificare la metodologia sopra esposta che forma l&#8217;atleta fin dalla pi\u00f9 giovane et\u00e0 (ecco perch\u00e8 si parte dal&nbsp;pre-Judo per i bambini dell&#8217;asilo), partecipando a tutta l&#8217;attivit\u00e0 federale sia nazionale che regionale che viene programmata:&nbsp;dapprima sono giunti risultati dalle classi pi\u00f9 giovani e poi fino ai seniores ed infine risultati da livello regionale a nazionale ed internazionale.\n\nGli attuali istruttori, i<em> fratelli Toniolo<\/em>, sono essi stessi passati per tutte le suesposte fasi di maturazione e quindi l&#8217;esperienza agonistica l&#8217;hanno esperimentata personalmente da bambini ad adulti sia a&nbsp;livello regionale che nazionale ed internazionale e&nbsp;hanno capito &nbsp;che i risultati&nbsp;dipendono dal mantenere competitivo ogni settore del vivaio, dai bambini ai seniores, portandoli in gara ad ogni occasione, spesso all&#8217;estero, preoccupati che la classe bambini sia sempre presente: tale strategia ha permesso risultati sempre maggiori come conquista di cinture nere agonistiche, podi nazionali che internazionali&nbsp;e numero di atleti di interesse nazionale (si veda al riguardo nel presente&nbsp;sito il medagliere della palestra).\n\nTali risultati hanno fatto diventare&nbsp; Settimo T.se sede dell&#8217; Intercentro Federale di Torino con nomina della Federazione e con la nomina di Toniolo Pierangelo a Direttore tecnico dell&#8217;Intercentro, alla&nbsp;societ\u00e0 \u00e8 stata consegnata la stella di bronzo&nbsp;CONI al valore sportivo e pi\u00f9 volte \u00e8 stato&nbsp;vinto il gran premio Fijlkam e il trofeo Athlon, <img decoding=\"async\" class=\"alignright wp-image-699 size-medium\" src=\"https:\/\/www.akiyamasettimo.it\/wp-content\/uploads\/2015\/01\/P1010932-300x225.jpg\" alt=\"P1010932\" width=\"300\" height=\"225\" srcset=\"https:\/\/www.akiyamasettimo.it\/wp-content\/uploads\/2015\/01\/P1010932-300x225.jpg 300w, https:\/\/www.akiyamasettimo.it\/wp-content\/uploads\/2015\/01\/P1010932-667x500.jpg 667w, https:\/\/www.akiyamasettimo.it\/wp-content\/uploads\/2015\/01\/P1010932-768x576.jpg 768w, https:\/\/www.akiyamasettimo.it\/wp-content\/uploads\/2015\/01\/P1010932-810x608.jpg 810w, https:\/\/www.akiyamasettimo.it\/wp-content\/uploads\/2015\/01\/P1010932.jpg 1080w\" sizes=\"(max-width: 300px) 100vw, 300px\" \/>onorificenze attribuite dalla Federazione alle societ\u00e0 che hanno&nbsp;ottenuto risultati con i loro atleti&nbsp;ai campionati Europei e Mondiali.\n\nOggi molti dei ragazzi nati e cresciuti nella palestra CRS Akiyama sono entrati a far parte dei gruppi sportivi militari , facendo del loro sport il&nbsp;proprio lavoro: cos\u00ec questa Palestra annovera un altro suo&nbsp;requisito peculiare, quello di essere un vivaio dei gruppi professionistici e dei&nbsp;gruppi della nazionale italiana dove confluiscono, chiamati a portare il loro contributo di atleti di interesse nazionale.\t\t\t\t\t\t\t\t<\/div>\n\t\t\t\t<\/div>\n\t\t\t\t\t<\/div>\n\t\t<\/div>\n\t\t\t\t\t<\/div>\n\t\t<\/section>\n\t\t\t\t<\/div>\n\t\t","protected":false},"excerpt":{"rendered":"<p>Leggi una bella storia di sport&#8230; Leggi di pi\u00f9 Il&nbsp;C.R.S.&nbsp;Akiyama di Settimo Torinese&nbsp;ha compiuto i suoi primi trent&#8217;anni. Risale, infatti, al 1978 la prima ufficiale affiliazione alla federazione nazionale, ora&nbsp;F.I.J.L.K.A.M.&nbsp;( Federazione Italiana Judo Lotta Karate Arti Marziali )&nbsp;e di conseguenza al&nbsp;CONI. Erano, ormai, tanti i giovani settimesi che si cimentavano nelle arti marziali e i &hellip; <\/p>\n<p class=\"link-more\"><a href=\"https:\/\/www.akiyamasettimo.it\/?page_id=478\" class=\"more-link\">Leggi tutto<span class=\"screen-reader-text\"> &#8220;Storia&#8221;<\/span><\/a><\/p>\n","protected":false},"author":1,"featured_media":0,"parent":0,"menu_order":0,"comment_status":"open","ping_status":"open","template":"","meta":{"ngg_post_thumbnail":0,"inspiro_hide_title":false,"footnotes":""},"class_list":["post-478","page","type-page","status-publish","hentry"],"_links":{"self":[{"href":"https:\/\/www.akiyamasettimo.it\/index.php?rest_route=\/wp\/v2\/pages\/478","targetHints":{"allow":["GET"]}}],"collection":[{"href":"https:\/\/www.akiyamasettimo.it\/index.php?rest_route=\/wp\/v2\/pages"}],"about":[{"href":"https:\/\/www.akiyamasettimo.it\/index.php?rest_route=\/wp\/v2\/types\/page"}],"author":[{"embeddable":true,"href":"https:\/\/www.akiyamasettimo.it\/index.php?rest_route=\/wp\/v2\/users\/1"}],"replies":[{"embeddable":true,"href":"https:\/\/www.akiyamasettimo.it\/index.php?rest_route=%2Fwp%2Fv2%2Fcomments&post=478"}],"version-history":[{"count":16,"href":"https:\/\/www.akiyamasettimo.it\/index.php?rest_route=\/wp\/v2\/pages\/478\/revisions"}],"predecessor-version":[{"id":12772,"href":"https:\/\/www.akiyamasettimo.it\/index.php?rest_route=\/wp\/v2\/pages\/478\/revisions\/12772"}],"wp:attachment":[{"href":"https:\/\/www.akiyamasettimo.it\/index.php?rest_route=%2Fwp%2Fv2%2Fmedia&parent=478"}],"curies":[{"name":"wp","href":"https:\/\/api.w.org\/{rel}","templated":true}]}}