{"id":12326,"date":"2022-03-05T15:40:09","date_gmt":"2022-03-05T15:40:09","guid":{"rendered":"https:\/\/www.akiyamasettimo.it\/?page_id=12326"},"modified":"2022-04-03T14:02:28","modified_gmt":"2022-04-03T14:02:28","slug":"tae-kwon-do","status":"publish","type":"page","link":"https:\/\/www.akiyamasettimo.it\/?page_id=12326","title":{"rendered":"Tae kwon do"},"content":{"rendered":"\t\t<div data-elementor-type=\"wp-page\" data-elementor-id=\"12326\" class=\"elementor elementor-12326\">\n\t\t\t\t\t\t<section class=\"elementor-section elementor-top-section elementor-element elementor-element-c74b308 elementor-section-boxed elementor-section-height-default elementor-section-height-default\" data-id=\"c74b308\" data-element_type=\"section\" data-e-type=\"section\">\n\t\t\t\t\t\t<div class=\"elementor-container elementor-column-gap-default\">\n\t\t\t\t\t<div class=\"elementor-column elementor-col-100 elementor-top-column elementor-element elementor-element-bc437e9\" data-id=\"bc437e9\" data-element_type=\"column\" data-e-type=\"column\">\n\t\t\t<div class=\"elementor-widget-wrap elementor-element-populated\">\n\t\t\t\t\t\t<div class=\"elementor-element elementor-element-e68ab93 elementor-widget elementor-widget-text-editor\" data-id=\"e68ab93\" data-element_type=\"widget\" data-e-type=\"widget\" data-widget_type=\"text-editor.default\">\n\t\t\t\t<div class=\"elementor-widget-container\">\n\t\t\t\t\t\t\t\t\t<p>Il Taekwondo \u00e8 un&#8217;arte marziale di origine coreana, nonch\u00e9 sport Olimpico dal 2000, tra le pi\u00f9 conosciute e praticate nel mondo. Il Taekwondo, che letteralmente significa &#8220;arte dei pugni e dei calci in volo&#8221;, contraddistinto da eleganza e completezza dei movimenti \u00e8 spesso la scelta di coloro che vogliano scaricare lo stress, tonificarsi e stare in forma con un allenamento che pu\u00f2 essere s\u00ec impegnativo ma che \u00e8 alla portata di chiunque goda di buona salute. Come altre arti marziali il Taekwondo sviluppa le\u00a0 capacit\u00e0 fisiche fisiche del corpo e aiuter\u00e0 bambini, adolescenti e adulti ad imparare a conoscere e controllare il proprio corpo. E&#8217; un allenamento che oltre ai benefici fisici \u00e8 portatore di valori morali come il rispetto degli altri e delle regole e ricerca il miglioramento dei propri limiti. Vieni a trovarci e a conoscere il Maestro\u00a0 Simone Calcedonio, validissimo atleta ed esperto Maestro di questa disciplina che ti aiuter\u00e0 a conoscere, crescere e migliorarti nel favoloso mondo del Taekwondo.<\/p>\t\t\t\t\t\t\t\t<\/div>\n\t\t\t\t<\/div>\n\t\t\t\t\t<\/div>\n\t\t<\/div>\n\t\t\t\t\t<\/div>\n\t\t<\/section>\n\t\t\t\t<section class=\"elementor-section elementor-top-section elementor-element elementor-element-72f7be0 elementor-section-boxed elementor-section-height-default elementor-section-height-default\" data-id=\"72f7be0\" data-element_type=\"section\" data-e-type=\"section\">\n\t\t\t\t\t\t<div class=\"elementor-container elementor-column-gap-default\">\n\t\t\t\t\t<div class=\"elementor-column elementor-col-100 elementor-top-column elementor-element elementor-element-b33def8\" data-id=\"b33def8\" data-element_type=\"column\" data-e-type=\"column\">\n\t\t\t<div class=\"elementor-widget-wrap elementor-element-populated\">\n\t\t\t\t\t\t<div class=\"elementor-element elementor-element-5134279 elementor-widget elementor-widget-spacer\" data-id=\"5134279\" data-element_type=\"widget\" data-e-type=\"widget\" data-widget_type=\"spacer.default\">\n\t\t\t\t<div class=\"elementor-widget-container\">\n\t\t\t\t\t\t\t<div class=\"elementor-spacer\">\n\t\t\t<div class=\"elementor-spacer-inner\"><\/div>\n\t\t<\/div>\n\t\t\t\t\t\t<\/div>\n\t\t\t\t<\/div>\n\t\t\t\t<div class=\"elementor-element elementor-element-f6de2be elementor-hidden-mobile elementor-widget elementor-widget-shortcode\" data-id=\"f6de2be\" data-element_type=\"widget\" data-e-type=\"widget\" data-widget_type=\"shortcode.default\">\n\t\t\t\t<div class=\"elementor-widget-container\">\n\t\t\t\t\t\t\t<div class=\"elementor-shortcode\"><div class=\"wptb-container-legacy\" data-table-id=\"12410\">\n    <table class=\"wptb-preview-table wptb-element-main-table_setting-12410\" style=\"border: 1px solid rgb(209, 209, 209);\" data-reconstraction=\"1\" data-wptb-table-tds-sum-max-width=\"654.8000000000001\" data-wptb-cells-width-auto-count=\"5\" data-wptb-extra-styles=\"LyogRW50ZXIgeW91ciBjdXN0b20gQ1NTIHJ1bGVzIGhlcmUgKi8=\" role=\"table\" data-table-columns=\"5\"><tbody><tr class=\"wptb-row\"><td class=\"wptb-cell\" data-y-index=\"0\" data-x-index=\"0\" style=\"border: 1px solid rgb(209, 209, 209);\" data-wptb-css-td-auto-width=\"true\"><div class=\"wptb-text-container wptb-ph-element wptb-element-text-1\" style=\"color: rgb(74, 85, 104); font-size: 15px;\"><div class=\"\" style=\"position: relative;\"><p><strong>TAE KWON DO<\/strong> <\/p><\/div><\/div><\/td><td class=\"wptb-cell\" data-y-index=\"0\" data-x-index=\"1\" style=\"border: 1px solid rgb(209, 209, 209);\" data-wptb-css-td-auto-width=\"true\"><div class=\"wptb-text-container wptb-ph-element wptb-element-text-2\" style=\"color: rgb(74, 85, 104); font-size: 15px;\"><div class=\"\" style=\"position: relative;\"><p>MA<\/p><p>20:30 - 22:00<\/p><\/div><\/div><\/td><td class=\"wptb-cell\" data-y-index=\"0\" data-x-index=\"2\" style=\"border: 1px solid rgb(209, 209, 209);\" data-wptb-css-td-auto-width=\"true\"><div class=\"wptb-text-container wptb-ph-element wptb-element-text-3\" style=\"color: rgb(74, 85, 104); font-size: 15px;\"><div class=\"\" style=\"position: relative;\"><p>SIMONE<\/p><\/div><\/div><\/td><td class=\"wptb-cell\" data-y-index=\"0\" data-x-index=\"3\" style=\"border: 1px solid rgb(209, 209, 209);\" data-wptb-css-td-auto-width=\"true\"><div class=\"wptb-text-container wptb-ph-element wptb-element-text-4\" style=\"color: rgb(74, 85, 104); font-size: 15px;\"><div class=\"\" style=\"position: relative;\"><p>VE <br><\/p><p>21:00 - 22:00<\/p><\/div><\/div><\/td><td class=\"wptb-cell\" data-y-index=\"0\" data-x-index=\"4\" style=\"border: 1px solid rgb(209, 209, 209);\" data-wptb-css-td-auto-width=\"true\"><div class=\"wptb-text-container wptb-ph-element wptb-element-text-5\" style=\"color: rgb(74, 85, 104); font-size: 15px;\"><div class=\"\" style=\"position: relative;\"><p>SIMONE<\/p><\/div><\/div><\/td><\/tr><\/tbody><\/table>\n\n<\/div>\n\n                <\/div>\n\t\t\t\t\t\t<\/div>\n\t\t\t\t<\/div>\n\t\t\t\t<div class=\"elementor-element elementor-element-2cc3e02 elementor-hidden-desktop elementor-hidden-tablet elementor-widget elementor-widget-image\" data-id=\"2cc3e02\" data-element_type=\"widget\" data-e-type=\"widget\" data-widget_type=\"image.default\">\n\t\t\t\t<div class=\"elementor-widget-container\">\n\t\t\t\t\t\t\t\t\t\t\t\t\t\t\t<img fetchpriority=\"high\" decoding=\"async\" width=\"950\" height=\"98\" src=\"https:\/\/www.akiyamasettimo.it\/wp-content\/uploads\/2022\/04\/tae-1024x106.jpg\" class=\"attachment-large size-large wp-image-12856\" alt=\"\" srcset=\"https:\/\/www.akiyamasettimo.it\/wp-content\/uploads\/2022\/04\/tae-1024x106.jpg 1024w, https:\/\/www.akiyamasettimo.it\/wp-content\/uploads\/2022\/04\/tae-300x31.jpg 300w, https:\/\/www.akiyamasettimo.it\/wp-content\/uploads\/2022\/04\/tae-768x80.jpg 768w, https:\/\/www.akiyamasettimo.it\/wp-content\/uploads\/2022\/04\/tae.jpg 1282w\" sizes=\"100vw\" \/>\t\t\t\t\t\t\t\t\t\t\t\t\t\t\t<\/div>\n\t\t\t\t<\/div>\n\t\t\t\t\t<\/div>\n\t\t<\/div>\n\t\t\t\t\t<\/div>\n\t\t<\/section>\n\t\t\t\t<section class=\"elementor-section elementor-top-section elementor-element elementor-element-7c00685 elementor-section-boxed elementor-section-height-default elementor-section-height-default\" data-id=\"7c00685\" data-element_type=\"section\" data-e-type=\"section\">\n\t\t\t\t\t\t<div class=\"elementor-container elementor-column-gap-default\">\n\t\t\t\t\t<div class=\"elementor-column elementor-col-100 elementor-top-column elementor-element elementor-element-a217682\" data-id=\"a217682\" data-element_type=\"column\" data-e-type=\"column\">\n\t\t\t<div class=\"elementor-widget-wrap elementor-element-populated\">\n\t\t\t\t\t\t<div class=\"elementor-element elementor-element-38a54e4 elementor-widget elementor-widget-spacer\" data-id=\"38a54e4\" data-element_type=\"widget\" data-e-type=\"widget\" data-widget_type=\"spacer.default\">\n\t\t\t\t<div class=\"elementor-widget-container\">\n\t\t\t\t\t\t\t<div class=\"elementor-spacer\">\n\t\t\t<div class=\"elementor-spacer-inner\"><\/div>\n\t\t<\/div>\n\t\t\t\t\t\t<\/div>\n\t\t\t\t<\/div>\n\t\t\t\t<div class=\"elementor-element elementor-element-6c1b109 elementor-widget elementor-widget-heading\" data-id=\"6c1b109\" data-element_type=\"widget\" data-e-type=\"widget\" data-widget_type=\"heading.default\">\n\t\t\t\t<div class=\"elementor-widget-container\">\n\t\t\t\t\t<h2 class=\"elementor-heading-title elementor-size-medium\">Gallery<\/h2>\t\t\t\t<\/div>\n\t\t\t\t<\/div>\n\t\t\t\t<div class=\"elementor-element elementor-element-16b9da6 elementor-widget-divider--view-line elementor-widget elementor-widget-divider\" data-id=\"16b9da6\" data-element_type=\"widget\" data-e-type=\"widget\" data-widget_type=\"divider.default\">\n\t\t\t\t<div class=\"elementor-widget-container\">\n\t\t\t\t\t\t\t<div class=\"elementor-divider\">\n\t\t\t<span class=\"elementor-divider-separator\">\n\t\t\t\t\t\t<\/span>\n\t\t<\/div>\n\t\t\t\t\t\t<\/div>\n\t\t\t\t<\/div>\n\t\t\t\t<div class=\"elementor-element elementor-element-efd498b gallery-spacing-custom elementor-widget elementor-widget-image-gallery\" data-id=\"efd498b\" data-element_type=\"widget\" data-e-type=\"widget\" data-widget_type=\"image-gallery.default\">\n\t\t\t\t<div class=\"elementor-widget-container\">\n\t\t\t\t\t\t\t<div class=\"elementor-image-gallery\">\n\t\t\t<div id='gallery-1' class='gallery galleryid-12326 gallery-columns-3 gallery-size-full'><figure class='gallery-item'>\n\t\t\t<div class='gallery-icon portrait'>\n\t\t\t\t<a data-elementor-open-lightbox=\"yes\" data-elementor-lightbox-slideshow=\"efd498b\" data-elementor-lightbox-title=\"WhatsApp Image 2022-03-20 at 11.07.15\" data-e-action-hash=\"#elementor-action%3Aaction%3Dlightbox%26settings%3DeyJpZCI6MTI2NDYsInVybCI6Imh0dHBzOlwvXC93d3cuYWtpeWFtYXNldHRpbW8uaXRcL3dwLWNvbnRlbnRcL3VwbG9hZHNcLzIwMjJcLzAzXC9XaGF0c0FwcC1JbWFnZS0yMDIyLTAzLTIwLWF0LTExLjA3LjE1LmpwZWciLCJzbGlkZXNob3ciOiJlZmQ0OThiIn0%3D\" href='https:\/\/www.akiyamasettimo.it\/wp-content\/uploads\/2022\/03\/WhatsApp-Image-2022-03-20-at-11.07.15.jpeg'><img decoding=\"async\" width=\"868\" height=\"1024\" src=\"https:\/\/www.akiyamasettimo.it\/wp-content\/uploads\/2022\/03\/WhatsApp-Image-2022-03-20-at-11.07.15.jpeg\" class=\"attachment-full size-full\" alt=\"\" srcset=\"https:\/\/www.akiyamasettimo.it\/wp-content\/uploads\/2022\/03\/WhatsApp-Image-2022-03-20-at-11.07.15.jpeg 868w, https:\/\/www.akiyamasettimo.it\/wp-content\/uploads\/2022\/03\/WhatsApp-Image-2022-03-20-at-11.07.15-254x300.jpeg 254w, https:\/\/www.akiyamasettimo.it\/wp-content\/uploads\/2022\/03\/WhatsApp-Image-2022-03-20-at-11.07.15-424x500.jpeg 424w, https:\/\/www.akiyamasettimo.it\/wp-content\/uploads\/2022\/03\/WhatsApp-Image-2022-03-20-at-11.07.15-768x906.jpeg 768w, https:\/\/www.akiyamasettimo.it\/wp-content\/uploads\/2022\/03\/WhatsApp-Image-2022-03-20-at-11.07.15-600x708.jpeg 600w, https:\/\/www.akiyamasettimo.it\/wp-content\/uploads\/2022\/03\/WhatsApp-Image-2022-03-20-at-11.07.15-550x649.jpeg 550w\" sizes=\"100vw\" \/><\/a>\n\t\t\t<\/div><\/figure><figure class='gallery-item'>\n\t\t\t<div class='gallery-icon landscape'>\n\t\t\t\t<a data-elementor-open-lightbox=\"yes\" data-elementor-lightbox-slideshow=\"efd498b\" data-elementor-lightbox-title=\"WhatsApp Image 2022-03-20 at 11.07.27\" data-e-action-hash=\"#elementor-action%3Aaction%3Dlightbox%26settings%3DeyJpZCI6MTI2NDcsInVybCI6Imh0dHBzOlwvXC93d3cuYWtpeWFtYXNldHRpbW8uaXRcL3dwLWNvbnRlbnRcL3VwbG9hZHNcLzIwMjJcLzAzXC9XaGF0c0FwcC1JbWFnZS0yMDIyLTAzLTIwLWF0LTExLjA3LjI3LmpwZWciLCJzbGlkZXNob3ciOiJlZmQ0OThiIn0%3D\" href='https:\/\/www.akiyamasettimo.it\/wp-content\/uploads\/2022\/03\/WhatsApp-Image-2022-03-20-at-11.07.27.jpeg'><img decoding=\"async\" width=\"1024\" height=\"661\" src=\"https:\/\/www.akiyamasettimo.it\/wp-content\/uploads\/2022\/03\/WhatsApp-Image-2022-03-20-at-11.07.27.jpeg\" class=\"attachment-full size-full\" alt=\"\" srcset=\"https:\/\/www.akiyamasettimo.it\/wp-content\/uploads\/2022\/03\/WhatsApp-Image-2022-03-20-at-11.07.27.jpeg 1024w, https:\/\/www.akiyamasettimo.it\/wp-content\/uploads\/2022\/03\/WhatsApp-Image-2022-03-20-at-11.07.27-300x194.jpeg 300w, https:\/\/www.akiyamasettimo.it\/wp-content\/uploads\/2022\/03\/WhatsApp-Image-2022-03-20-at-11.07.27-775x500.jpeg 775w, https:\/\/www.akiyamasettimo.it\/wp-content\/uploads\/2022\/03\/WhatsApp-Image-2022-03-20-at-11.07.27-768x496.jpeg 768w, https:\/\/www.akiyamasettimo.it\/wp-content\/uploads\/2022\/03\/WhatsApp-Image-2022-03-20-at-11.07.27-600x387.jpeg 600w, https:\/\/www.akiyamasettimo.it\/wp-content\/uploads\/2022\/03\/WhatsApp-Image-2022-03-20-at-11.07.27-1005x649.jpeg 1005w\" sizes=\"100vw\" \/><\/a>\n\t\t\t<\/div><\/figure>\n\t\t<\/div>\n\t\t<\/div>\n\t\t\t\t\t\t<\/div>\n\t\t\t\t<\/div>\n\t\t\t\t<div class=\"elementor-element elementor-element-83112d5 elementor-widget elementor-widget-spacer\" data-id=\"83112d5\" data-element_type=\"widget\" data-e-type=\"widget\" data-widget_type=\"spacer.default\">\n\t\t\t\t<div class=\"elementor-widget-container\">\n\t\t\t\t\t\t\t<div class=\"elementor-spacer\">\n\t\t\t<div class=\"elementor-spacer-inner\"><\/div>\n\t\t<\/div>\n\t\t\t\t\t\t<\/div>\n\t\t\t\t<\/div>\n\t\t\t\t\t<\/div>\n\t\t<\/div>\n\t\t\t\t\t<\/div>\n\t\t<\/section>\n\t\t\t\t<\/div>\n\t\t","protected":false},"excerpt":{"rendered":"<p>Il Taekwondo \u00e8 un&#8217;arte marziale di origine coreana, nonch\u00e9 sport Olimpico dal 2000, tra le pi\u00f9 conosciute e praticate nel mondo. Il Taekwondo, che letteralmente significa &#8220;arte dei pugni e dei calci in volo&#8221;, contraddistinto da eleganza e completezza dei movimenti \u00e8 spesso la scelta di coloro che vogliano scaricare lo stress, tonificarsi e stare &hellip; <\/p>\n<p class=\"link-more\"><a href=\"https:\/\/www.akiyamasettimo.it\/?page_id=12326\" class=\"more-link\">Leggi tutto<span class=\"screen-reader-text\"> &#8220;Tae kwon do&#8221;<\/span><\/a><\/p>\n","protected":false},"author":1,"featured_media":0,"parent":0,"menu_order":0,"comment_status":"closed","ping_status":"closed","template":"","meta":{"ngg_post_thumbnail":0,"inspiro_hide_title":false,"footnotes":""},"class_list":["post-12326","page","type-page","status-publish","hentry"],"_links":{"self":[{"href":"https:\/\/www.akiyamasettimo.it\/index.php?rest_route=\/wp\/v2\/pages\/12326","targetHints":{"allow":["GET"]}}],"collection":[{"href":"https:\/\/www.akiyamasettimo.it\/index.php?rest_route=\/wp\/v2\/pages"}],"about":[{"href":"https:\/\/www.akiyamasettimo.it\/index.php?rest_route=\/wp\/v2\/types\/page"}],"author":[{"embeddable":true,"href":"https:\/\/www.akiyamasettimo.it\/index.php?rest_route=\/wp\/v2\/users\/1"}],"replies":[{"embeddable":true,"href":"https:\/\/www.akiyamasettimo.it\/index.php?rest_route=%2Fwp%2Fv2%2Fcomments&post=12326"}],"version-history":[{"count":10,"href":"https:\/\/www.akiyamasettimo.it\/index.php?rest_route=\/wp\/v2\/pages\/12326\/revisions"}],"predecessor-version":[{"id":12859,"href":"https:\/\/www.akiyamasettimo.it\/index.php?rest_route=\/wp\/v2\/pages\/12326\/revisions\/12859"}],"wp:attachment":[{"href":"https:\/\/www.akiyamasettimo.it\/index.php?rest_route=%2Fwp%2Fv2%2Fmedia&parent=12326"}],"curies":[{"name":"wp","href":"https:\/\/api.w.org\/{rel}","templated":true}]}}